{"id":1937,"date":"2018-06-12T15:18:33","date_gmt":"2018-06-12T12:18:33","guid":{"rendered":"http:\/\/dev.scorpio-paros.com\/booking\/"},"modified":"2024-08-26T12:55:10","modified_gmt":"2024-08-26T09:55:10","slug":"booking","status":"publish","type":"page","link":"https:\/\/www.scorpio-paros.com\/it\/booking\/","title":{"rendered":"Booking"},"content":{"rendered":"<p><strong>\u00c8 possibile utilizzare il modulo qui sotto per richiedere la disponibilit\u00e0.<\/strong><\/p>\n<p><em>Per effetuare una prenotazione \u00e8 richiesto un pagamento anticipato del 25% dall&#8217;importo totale della prenotazione. Il pagamento anticipato minimo per soggiorni molto brevi, \u00e8 il prezzo di una notte. Le cancellazioni effettuate oltre i 22 giorni si qualificheranno per un rimborso completo del pagamento anticipato. Per qualsiasi cancellazione effettuata 21 o meno giorni prima della data d\u2019arrivo, il pagamento anticipato non verra restituito. In caso di partenza anticipata, verr\u00e0 addebitato il 100% dei giorni rimanenti.<\/em><\/p>\n","protected":false},"excerpt":{"rendered":"<p>\u00c8 possibile utilizzare il modulo qui sotto per richiedere la disponibilit\u00e0. Per effetuare una prenotazione \u00e8 richiesto un pagamento anticipato del 25% dall&#8217;importo totale della prenotazione. Il pagamento anticipato minimo per soggiorni molto brevi, \u00e8 il prezzo di una notte. Le cancellazioni effettuate oltre i 22 giorni si qualificheranno per un rimborso completo del pagamento [&hellip;]<\/p>\n","protected":false},"author":1,"featured_media":0,"parent":0,"menu_order":0,"comment_status":"closed","ping_status":"closed","template":"template-booking.php","meta":{"footnotes":""},"class_list":["post-1937","page","type-page","status-publish","hentry"],"_links":{"self":[{"href":"https:\/\/www.scorpio-paros.com\/it\/wp-json\/wp\/v2\/pages\/1937","targetHints":{"allow":["GET"]}}],"collection":[{"href":"https:\/\/www.scorpio-paros.com\/it\/wp-json\/wp\/v2\/pages"}],"about":[{"href":"https:\/\/www.scorpio-paros.com\/it\/wp-json\/wp\/v2\/types\/page"}],"author":[{"embeddable":true,"href":"https:\/\/www.scorpio-paros.com\/it\/wp-json\/wp\/v2\/users\/1"}],"replies":[{"embeddable":true,"href":"https:\/\/www.scorpio-paros.com\/it\/wp-json\/wp\/v2\/comments?post=1937"}],"version-history":[{"count":3,"href":"https:\/\/www.scorpio-paros.com\/it\/wp-json\/wp\/v2\/pages\/1937\/revisions"}],"predecessor-version":[{"id":28310,"href":"https:\/\/www.scorpio-paros.com\/it\/wp-json\/wp\/v2\/pages\/1937\/revisions\/28310"}],"wp:attachment":[{"href":"https:\/\/www.scorpio-paros.com\/it\/wp-json\/wp\/v2\/media?parent=1937"}],"curies":[{"name":"wp","href":"https:\/\/api.w.org\/{rel}","templated":true}]}}