{"id":1934,"date":"2018-06-08T11:38:22","date_gmt":"2018-06-08T08:38:22","guid":{"rendered":"http:\/\/dev.scorpio-paros.com\/alloggio-in-naoussa-paros\/"},"modified":"2019-05-28T20:47:14","modified_gmt":"2019-05-28T17:47:14","slug":"alloggio-in-naoussa-paros","status":"publish","type":"page","link":"https:\/\/www.scorpio-paros.com\/it\/alloggio-in-naoussa-paros\/","title":{"rendered":"Alloggio in Naoussa Paros"},"content":{"rendered":"<h2>Alloggi per le Vacanze a Paros, in Grecia: monolocali e appartamenti nel villaggio di Naoussa<\/h2>\n<div class=\"body\">\n<p><strong>Alloggiare presso Scorpio, monolocali e appartamenti a Naoussa significa sentirsi a casa, ed \u00e8 quindi la sistemazione ideale per le vostre vacanze nell&#8217;isola di Paros, in Grecia.<\/strong><em>La famiglia Katsigiannis<\/em>, proprietaria della struttura, vive nell&#8217;isola tutto l&#8217;anno e, grazie al soggiorno nei monolocali, \u00e8 felice di poter trasmettere lo spirito isolano ai propri ospiti, molti dei quali ritornano spesso. La zona \u00e8 particolarmente tranquilla, ma nello stesso tempo poco distante dalla vita effervescente dell&#8217;estate a Naoussa! Scorpio propone monolocali e appartamenti per 2-5 persone in una localit\u00e0 vicina.<\/p>\n<p>I monolocali e gli appartamenti sono dotati di un <strong>cucinotto<\/strong> con accessori e suppellettili da cucina (compreso un tostapane, un bollitore e una macchinetta da caff\u00e8), oltre a un ferro da stiro, un asciugacapelli, la TV satellitare, l&#8217;aria condizionata, una cassetta di sicurezza. *Ogni alloggio possiede due <strong>balconi<\/strong> sui lati, che permettono una piacevole ventilazione naturale anche nei giorni estivi pi\u00f9 caldi, nonch\u00e9 una grande luminosit\u00e0. La signora Kiki Katsigiannis si prende personalmente cura delle camere, perch\u00e9 le condizioni di ordine e pulizia siano sempre ottimali.<\/p>\n<p>Gli appartamenti si trovano a circa 150m. dai monolocali. Sono composti da una camera da letto e una cucina oppure da una camera da letto e da un soggiorno con cucina. Tutti sono dotati di <strong>balconi con vista aperta.<\/strong> I balconi dei monolocali si affacciano sui fiori multicolori del giardino, pieno di arbusti fioriti.* Il cortile ombreggiato \u00e8 pervaso da una gradevolissima brezza carica di fragranze di fiori di gelsomino.* In entrambe le strutture c&#8217;\u00e8 <strong>un barbecue self-service per poter organizzare festicciole estive!<\/strong><\/p>\n<p>Le caratteristiche principali dei monolocali e appartamenti Scorpio a Naoussa sono: tanto sole, brezza fresca, ombra, profumi inebrianti, localit\u00e0 tranquilla, ospiti cordiali! Una combinazione di elementi perfetta per trascorrere delle vacanze indimenticabili a Paros. Non mancate di scambiare quattro chiacchere con Kiki, Michalis e Giorgos, il loro figlio: un&#8217;occasione divertente per conoscere i migliori posti da visitare dell&#8217;isola! La famiglia Katsigiannis vi offre la sistemazione ideale a Paros, un ambiente accogliente e caloroso, per delle vacanze che rimarranno a lungo nei vostri cuori!<\/p>\n<\/div>\n<div class=\"cisc-row\"><div  class=\" cisc-col-md-6 cisc-col-xs-12\"><a href=\"\/it\/paros-accommodation-studios\/\" class=\"cisc-button\" style=\"background-color: #8c8559; border-color: black; border-style: solid; border-width: 1px;\" ><span style=\"\"><i class=\"fa fa-bed fa-spin\"><\/i><span class=\"tlid-translation translation\" lang=\"it\"><span class=\"\" title=\"\">Guarda i nostri Studios<\/span><\/span><\/span><\/a><\/div><div  class=\" cisc-col-md-6 cisc-col-xs-12\"><a href=\"\/it\/scorpio-apartments\/\" class=\"cisc-button\" style=\"background-color: #8c8559; border-color: black; border-style: solid; border-width: 1px;\" ><span style=\"\"><i class=\"fa fa-bed fa-spin\"><\/i><span class=\"tlid-translation translation\" lang=\"it\"><span class=\"\" title=\"\">Guarda i nostri appartamenti<\/span><\/span><\/span><\/a><\/div><\/div>\n","protected":false},"excerpt":{"rendered":"<p>Alloggi per le Vacanze a Paros, in Grecia: monolocali e appartamenti nel villaggio di Naoussa Alloggiare presso Scorpio, monolocali e appartamenti a Naoussa significa sentirsi a casa, ed \u00e8 quindi la sistemazione ideale per le vostre vacanze nell&#8217;isola di Paros, in Grecia.La famiglia Katsigiannis, proprietaria della struttura, vive nell&#8217;isola tutto l&#8217;anno e, grazie al soggiorno [&hellip;]<\/p>\n","protected":false},"author":1,"featured_media":0,"parent":0,"menu_order":0,"comment_status":"closed","ping_status":"closed","template":"","meta":{"footnotes":""},"class_list":["post-1934","page","type-page","status-publish","hentry"],"_links":{"self":[{"href":"https:\/\/www.scorpio-paros.com\/it\/wp-json\/wp\/v2\/pages\/1934","targetHints":{"allow":["GET"]}}],"collection":[{"href":"https:\/\/www.scorpio-paros.com\/it\/wp-json\/wp\/v2\/pages"}],"about":[{"href":"https:\/\/www.scorpio-paros.com\/it\/wp-json\/wp\/v2\/types\/page"}],"author":[{"embeddable":true,"href":"https:\/\/www.scorpio-paros.com\/it\/wp-json\/wp\/v2\/users\/1"}],"replies":[{"embeddable":true,"href":"https:\/\/www.scorpio-paros.com\/it\/wp-json\/wp\/v2\/comments?post=1934"}],"version-history":[{"count":2,"href":"https:\/\/www.scorpio-paros.com\/it\/wp-json\/wp\/v2\/pages\/1934\/revisions"}],"predecessor-version":[{"id":5118,"href":"https:\/\/www.scorpio-paros.com\/it\/wp-json\/wp\/v2\/pages\/1934\/revisions\/5118"}],"wp:attachment":[{"href":"https:\/\/www.scorpio-paros.com\/it\/wp-json\/wp\/v2\/media?parent=1934"}],"curies":[{"name":"wp","href":"https:\/\/api.w.org\/{rel}","templated":true}]}}