{"id":1985,"date":"2018-07-17T17:07:03","date_gmt":"2018-07-17T14:07:03","guid":{"rendered":"http:\/\/dev.scorpio-paros.com\/contact\/situation-des-studios\/"},"modified":"2026-04-20T01:03:21","modified_gmt":"2026-04-19T22:03:21","slug":"situation-des-studios","status":"publish","type":"page","link":"https:\/\/www.scorpio-paros.com\/fr\/contact\/situation-des-studios\/","title":{"rendered":"Situation des Studios"},"content":{"rendered":"\n<iframe src=\"https:\/\/www.google.com\/maps\/embed?pb=!1m18!1m12!1m3!1d3877.3196908346554!2d25.236831876507868!3d37.11962327215779!2m3!1f0!2f0!3f0!3m2!1i1024!2i768!4f13.1!3m3!1m2!1s0x149874f436b987a3%3A0x348e27a83fbea8e9!2sScorpio%20Studios!5e1!3m2!1sen!2sgr!4v1776635993139!5m2!1sen!2sgr\" width=\"1000\" height=\"500\" style=\"border:0;\" allowfullscreen=\"\" loading=\"lazy\" referrerpolicy=\"no-referrer-when-downgrade\"><\/iframe>\n\n\n<h2>Naoussa : Studios Scorpio dans un quartier calme, \u00e0 proximit\u00e9 du centre ville&#8230;<\/h2>\n<div class=\"content\">\n<p><strong>\u00c0 Paros, Naoussa, les Studios Scorpio sont situ\u00e9s dans une zone r\u00e9sidentielle tranquille, \u00e0 seulement 6 minutes \u00e0 pied du centre, o\u00f9 vous trouverez des boutiques, et le petit port de p\u00eache<\/strong> avec ses bars et ses tavernes proposant du poisson frais et des crustac\u00e9s. De l\u00e0, de petits bateaux vous emm\u00e8nent aux diff\u00e9rentes plages diss\u00e9min\u00e9es dans la baie de Naoussa. L&rsquo;arr\u00eat de bus est \u00e0 150m des Studios Scorpio, avec des liaisons r\u00e9guli\u00e8res vers le reste de l&rsquo;\u00eele. Il y a des superettes et des boulangeries tout pr\u00e8s des studios; aucun moyen de transport n&rsquo;est n\u00e9cessaire.<\/p>\n<p><em>Distances<\/em><br \/>\n\u2022 Centre de Naoussa et port v\u00e9nitien : six minutes \u00e0 pied<br \/>\n\u2022 Arr\u00eat de bus : 150m<br \/>\n\u2022 Boulangerie : 200m<br \/>\n\u2022 Bureau de poste : 200m<br \/>\n\u2022 Superette : 250m<br \/>\n\u2022 Plage d&rsquo;Agii Anargiri: 10 minutes \u00e0 pied<br \/>\n\u2022 Plage de Piperi: 10 minutes \u00e0 pied<\/p>\n<\/div>\n<blockquote><p>Les Studios et Appartements Scorpio sont tenus par la famille Katsigiannis, Michalis, Kiki sa femme et leur fils Giorgos qui vous feront d\u00e9couvrir l&rsquo;hospitalit\u00e9 grecque traditionnelle. N&rsquo;h\u00e9sitez pas \u00e0 les contacter pour toute information concernant votre h\u00e9bergement.<br \/>\n<a href=\"https:\/\/www.scorpio-paros.com\/fr\/contact\/voir-emplacement-des-appartements\/\">Voir aussi la position des appartements &gt;&gt;<\/a><\/p><\/blockquote>\n\n<div class=\"wpcf7 no-js\" id=\"wpcf7-f1939-o1\" lang=\"en-GB\" dir=\"ltr\" data-wpcf7-id=\"1939\">\n<div class=\"screen-reader-response\"><p role=\"status\" aria-live=\"polite\" aria-atomic=\"true\"><\/p> <ul><\/ul><\/div>\n<form action=\"\/fr\/wp-json\/wp\/v2\/pages\/1985#wpcf7-f1939-o1\" method=\"post\" class=\"wpcf7-form init\" aria-label=\"Contact form\" novalidate=\"novalidate\" data-status=\"init\">\n<fieldset class=\"hidden-fields-container\"><input type=\"hidden\" name=\"_wpcf7\" value=\"1939\" \/><input type=\"hidden\" name=\"_wpcf7_version\" value=\"6.1.6\" \/><input type=\"hidden\" name=\"_wpcf7_locale\" value=\"en_GB\" \/><input type=\"hidden\" name=\"_wpcf7_unit_tag\" value=\"wpcf7-f1939-o1\" \/><input type=\"hidden\" name=\"_wpcf7_container_post\" value=\"0\" \/><input type=\"hidden\" name=\"_wpcf7_posted_data_hash\" value=\"\" \/>\n<\/fieldset>\n<div class=\"wpcf7-turnstile cf-turnstile\" data-sitekey=\"0x4AAAAAACK1M1aCuD9eNaS-\" data-response-field-name=\"_wpcf7_turnstile_response\"><\/div>\n\n<p><label> Votre Nom (requis)<br \/>\n<span class=\"wpcf7-form-control-wrap\" data-name=\"your-name\"><input size=\"40\" maxlength=\"400\" class=\"wpcf7-form-control wpcf7-text wpcf7-validates-as-required\" aria-required=\"true\" aria-invalid=\"false\" value=\"\" type=\"text\" name=\"your-name\" \/><\/span> <\/label>\n<\/p>\n<p><label> Votre Email (requis)<br \/>\n<span class=\"wpcf7-form-control-wrap\" data-name=\"your-email\"><input size=\"40\" maxlength=\"400\" class=\"wpcf7-form-control wpcf7-email wpcf7-validates-as-required wpcf7-text wpcf7-validates-as-email\" aria-required=\"true\" aria-invalid=\"false\" value=\"\" type=\"email\" name=\"your-email\" \/><\/span> <\/label>\n<\/p>\n<p><label> Sujet<br \/>\n<span class=\"wpcf7-form-control-wrap\" data-name=\"your-subject\"><input size=\"40\" maxlength=\"400\" class=\"wpcf7-form-control wpcf7-text\" aria-invalid=\"false\" value=\"\" type=\"text\" name=\"your-subject\" \/><\/span> <\/label>\n<\/p>\n<p><label> Votre Message<br \/>\n<span class=\"wpcf7-form-control-wrap\" data-name=\"your-message\"><textarea cols=\"40\" rows=\"10\" maxlength=\"2000\" class=\"wpcf7-form-control wpcf7-textarea\" aria-invalid=\"false\" name=\"your-message\"><\/textarea><\/span> <\/label>\n<\/p>\n<p><input class=\"wpcf7-form-control wpcf7-submit has-spinner\" type=\"submit\" value=\"Envoyer\" \/>\n<\/p><p style=\"display: none !important;\" class=\"akismet-fields-container\" data-prefix=\"_wpcf7_ak_\"><label>&#916;<textarea name=\"_wpcf7_ak_hp_textarea\" cols=\"45\" rows=\"8\" maxlength=\"100\"><\/textarea><\/label><input type=\"hidden\" id=\"ak_js_1\" name=\"_wpcf7_ak_js\" value=\"9\"\/><script type=\"text\/javascript\">\n\/* <![CDATA[ *\/\ndocument.getElementById( \"ak_js_1\" ).setAttribute( \"value\", ( new Date() ).getTime() );\n\/* ]]> *\/\n<\/script>\n<\/p><div class=\"wpcf7-response-output\" aria-hidden=\"true\"><\/div>\n<\/form>\n<\/div>\n\n<hr \/>\n<p>Tel. +30 22840 51723<br \/>\nMobile +30 6979 113339<br \/>\nFax +30 22840 53452<br \/>\n<img decoding=\"async\" class=\"alignnone size-full wp-image-698\" src=\"\/wp-content\/uploads\/2018\/06\/email.jpg\" alt=\"\" width=\"199\" height=\"17\" \/><\/p>\n<p>84401 Naoussa, Paros<br \/>\nCyclades Gr\u00e8ce<\/p>","protected":false},"excerpt":{"rendered":"<p>Naoussa : Studios Scorpio dans un quartier calme, \u00e0 proximit\u00e9 du centre ville&#8230; \u00c0 Paros, Naoussa, les Studios Scorpio sont situ\u00e9s dans une zone r\u00e9sidentielle tranquille, \u00e0 seulement 6 minutes \u00e0 pied du centre, o\u00f9 vous trouverez des boutiques, et le petit port de p\u00eache avec ses bars et ses tavernes proposant du poisson frais [&hellip;]<\/p>\n","protected":false},"author":1,"featured_media":0,"parent":1940,"menu_order":0,"comment_status":"closed","ping_status":"closed","template":"template-contact.php","meta":{"footnotes":""},"class_list":["post-1985","page","type-page","status-publish","hentry"],"_links":{"self":[{"href":"https:\/\/www.scorpio-paros.com\/fr\/wp-json\/wp\/v2\/pages\/1985","targetHints":{"allow":["GET"]}}],"collection":[{"href":"https:\/\/www.scorpio-paros.com\/fr\/wp-json\/wp\/v2\/pages"}],"about":[{"href":"https:\/\/www.scorpio-paros.com\/fr\/wp-json\/wp\/v2\/types\/page"}],"author":[{"embeddable":true,"href":"https:\/\/www.scorpio-paros.com\/fr\/wp-json\/wp\/v2\/users\/1"}],"replies":[{"embeddable":true,"href":"https:\/\/www.scorpio-paros.com\/fr\/wp-json\/wp\/v2\/comments?post=1985"}],"version-history":[{"count":4,"href":"https:\/\/www.scorpio-paros.com\/fr\/wp-json\/wp\/v2\/pages\/1985\/revisions"}],"predecessor-version":[{"id":42011,"href":"https:\/\/www.scorpio-paros.com\/fr\/wp-json\/wp\/v2\/pages\/1985\/revisions\/42011"}],"up":[{"embeddable":true,"href":"https:\/\/www.scorpio-paros.com\/fr\/wp-json\/wp\/v2\/pages\/1940"}],"wp:attachment":[{"href":"https:\/\/www.scorpio-paros.com\/fr\/wp-json\/wp\/v2\/media?parent=1985"}],"curies":[{"name":"wp","href":"https:\/\/api.w.org\/{rel}","templated":true}]}}