{"id":1935,"date":"2018-06-12T15:18:33","date_gmt":"2018-06-12T12:18:33","guid":{"rendered":"http:\/\/dev.scorpio-paros.com\/reservation\/"},"modified":"2024-08-26T12:54:08","modified_gmt":"2024-08-26T09:54:08","slug":"reservation","status":"publish","type":"page","link":"https:\/\/www.scorpio-paros.com\/fr\/reservation\/","title":{"rendered":"R\u00e9servation"},"content":{"rendered":"<p><strong>Vous pouvez utiliser le formulaire ci-dessous pour faire une demande de disponibilit\u00e9.<\/strong><\/p>\n<p><em>Pour garantir une r\u00e9servation, un acompte de 25% du montant total de la r\u00e9servation est requis. Le pr\u00e9paiement minimum pour les s\u00e9jours tr\u00e8s courts est le co\u00fbt d&rsquo;une nuit. Les annulations faites au-del\u00e0 de 22 jours seront admissibles \u00e0 un remboursement complet du pr\u00e9paiement. Pour toute annulation faite 21 jours ou moins avant la date d&rsquo;arriv\u00e9e, le pr\u00e9paiement n&rsquo;est pas retourn\u00e9. En cas de d\u00e9part anticip\u00e9, 100% des jours restants seront factur\u00e9s.<\/em><\/p>\n","protected":false},"excerpt":{"rendered":"<p>Vous pouvez utiliser le formulaire ci-dessous pour faire une demande de disponibilit\u00e9. Pour garantir une r\u00e9servation, un acompte de 25% du montant total de la r\u00e9servation est requis. Le pr\u00e9paiement minimum pour les s\u00e9jours tr\u00e8s courts est le co\u00fbt d&rsquo;une nuit. Les annulations faites au-del\u00e0 de 22 jours seront admissibles \u00e0 un remboursement complet du [&hellip;]<\/p>\n","protected":false},"author":1,"featured_media":0,"parent":0,"menu_order":0,"comment_status":"closed","ping_status":"closed","template":"template-booking.php","meta":{"footnotes":""},"class_list":["post-1935","page","type-page","status-publish","hentry"],"_links":{"self":[{"href":"https:\/\/www.scorpio-paros.com\/fr\/wp-json\/wp\/v2\/pages\/1935","targetHints":{"allow":["GET"]}}],"collection":[{"href":"https:\/\/www.scorpio-paros.com\/fr\/wp-json\/wp\/v2\/pages"}],"about":[{"href":"https:\/\/www.scorpio-paros.com\/fr\/wp-json\/wp\/v2\/types\/page"}],"author":[{"embeddable":true,"href":"https:\/\/www.scorpio-paros.com\/fr\/wp-json\/wp\/v2\/users\/1"}],"replies":[{"embeddable":true,"href":"https:\/\/www.scorpio-paros.com\/fr\/wp-json\/wp\/v2\/comments?post=1935"}],"version-history":[{"count":3,"href":"https:\/\/www.scorpio-paros.com\/fr\/wp-json\/wp\/v2\/pages\/1935\/revisions"}],"predecessor-version":[{"id":28309,"href":"https:\/\/www.scorpio-paros.com\/fr\/wp-json\/wp\/v2\/pages\/1935\/revisions\/28309"}],"wp:attachment":[{"href":"https:\/\/www.scorpio-paros.com\/fr\/wp-json\/wp\/v2\/media?parent=1935"}],"curies":[{"name":"wp","href":"https:\/\/api.w.org\/{rel}","templated":true}]}}