{"id":1808,"date":"2018-06-15T16:42:49","date_gmt":"2018-06-15T13:42:49","guid":{"rendered":"http:\/\/dev.scorpio-paros.com\/studios-apartments\/"},"modified":"2018-08-04T18:44:45","modified_gmt":"2018-08-04T15:44:45","slug":"studios-apartments","status":"publish","type":"page","link":"https:\/\/www.scorpio-paros.com\/fr\/studios-apartments\/","title":{"rendered":"Studios &#038; Appartements"},"content":{"rendered":"<h2>H\u00e9bergements de vacances chambres d&rsquo;h\u00f4tes et appartements \u00e0 Naoussa<\/h2>\n<blockquote><p><strong>Pour vos vacances en Gr\u00e8ce \u00e0 Paros, venez aux Studios et Appartements Scorpio \u00e0 Naoussa pour appr\u00e9cier l&rsquo;hospitalit\u00e9 des \u00eeles grecques.<\/strong> <em>La famille Katsigiannis<\/em>, qui vit \u00e0 Paros \u00e0 plein temps, a con\u00e7u ses chambres d&rsquo;h\u00f4tes, studios et appartements \u00e0 louer dans l&rsquo;esprit des habitations traditionnelles typiques des Cyclades, ce qui enchante ses visiteurs.<br \/>\nL&rsquo; endroit est tr\u00e8s calme, bien que tout pr\u00e8s de la vie nocturne anim\u00e9e de Naoussa !<\/p><\/blockquote>\n","protected":false},"excerpt":{"rendered":"<p>H\u00e9bergements de vacances chambres d&rsquo;h\u00f4tes et appartements \u00e0 Naoussa Pour vos vacances en Gr\u00e8ce \u00e0 Paros, venez aux Studios et Appartements Scorpio \u00e0 Naoussa pour appr\u00e9cier l&rsquo;hospitalit\u00e9 des \u00eeles grecques. La famille Katsigiannis, qui vit \u00e0 Paros \u00e0 plein temps, a con\u00e7u ses chambres d&rsquo;h\u00f4tes, studios et appartements \u00e0 louer dans l&rsquo;esprit des habitations traditionnelles [&hellip;]<\/p>\n","protected":false},"author":1,"featured_media":0,"parent":0,"menu_order":0,"comment_status":"closed","ping_status":"closed","template":"template-listing-room.php","meta":{"footnotes":""},"class_list":["post-1808","page","type-page","status-publish","hentry"],"_links":{"self":[{"href":"https:\/\/www.scorpio-paros.com\/fr\/wp-json\/wp\/v2\/pages\/1808","targetHints":{"allow":["GET"]}}],"collection":[{"href":"https:\/\/www.scorpio-paros.com\/fr\/wp-json\/wp\/v2\/pages"}],"about":[{"href":"https:\/\/www.scorpio-paros.com\/fr\/wp-json\/wp\/v2\/types\/page"}],"author":[{"embeddable":true,"href":"https:\/\/www.scorpio-paros.com\/fr\/wp-json\/wp\/v2\/users\/1"}],"replies":[{"embeddable":true,"href":"https:\/\/www.scorpio-paros.com\/fr\/wp-json\/wp\/v2\/comments?post=1808"}],"version-history":[{"count":2,"href":"https:\/\/www.scorpio-paros.com\/fr\/wp-json\/wp\/v2\/pages\/1808\/revisions"}],"predecessor-version":[{"id":2023,"href":"https:\/\/www.scorpio-paros.com\/fr\/wp-json\/wp\/v2\/pages\/1808\/revisions\/2023"}],"wp:attachment":[{"href":"https:\/\/www.scorpio-paros.com\/fr\/wp-json\/wp\/v2\/media?parent=1808"}],"curies":[{"name":"wp","href":"https:\/\/api.w.org\/{rel}","templated":true}]}}