{"id":2001,"date":"2018-06-15T16:42:49","date_gmt":"2018-06-15T13:42:49","guid":{"rendered":"http:\/\/dev.scorpio-paros.com\/studios-apartments\/"},"modified":"2018-08-04T18:45:05","modified_gmt":"2018-08-04T15:45:05","slug":"studios-apartments","status":"publish","type":"page","link":"https:\/\/www.scorpio-paros.com\/de\/studios-apartments\/","title":{"rendered":"Studios &#038; Apartments"},"content":{"rendered":"<h2>Urlaubsunterkunft auf Paros, Griechenland: Zimmer und Apartments im Fischerdorf Naoussa<\/h2>\n<p><strong>F\u00fcr Ihre Urlaubsunterkunft auf Paros in Griechenland, w\u00e4hlen Scorpio Studios &amp; Apartments in Naoussa damit Sie die griechische Gastfreunschaft geniessen k\u00f6nnen.<\/strong> <em>Die Katsigiannis Familie<\/em>, welche die Anlage betreut, lebt das ganze Jahr \u00fcber auf der Insel und bem\u00fcht sich, den Inselcharme in die Unterk\u00fcnfte einzubinden. Daher kommen viele G\u00e4ste Jahr um Jahr wieder.Die Umgebung ist sehr ruhig, wenn auch nicht weit vom pulsierenden Sommerleben in Naoussa.<\/p>\n","protected":false},"excerpt":{"rendered":"<p>Urlaubsunterkunft auf Paros, Griechenland: Zimmer und Apartments im Fischerdorf Naoussa F\u00fcr Ihre Urlaubsunterkunft auf Paros in Griechenland, w\u00e4hlen Scorpio Studios &amp; Apartments in Naoussa damit Sie die griechische Gastfreunschaft geniessen k\u00f6nnen. Die Katsigiannis Familie, welche die Anlage betreut, lebt das ganze Jahr \u00fcber auf der Insel und bem\u00fcht sich, den Inselcharme in die Unterk\u00fcnfte einzubinden. [&hellip;]<\/p>\n","protected":false},"author":1,"featured_media":0,"parent":0,"menu_order":0,"comment_status":"closed","ping_status":"closed","template":"template-listing-room.php","meta":{"footnotes":""},"class_list":["post-2001","page","type-page","status-publish","hentry"],"_links":{"self":[{"href":"https:\/\/www.scorpio-paros.com\/de\/wp-json\/wp\/v2\/pages\/2001","targetHints":{"allow":["GET"]}}],"collection":[{"href":"https:\/\/www.scorpio-paros.com\/de\/wp-json\/wp\/v2\/pages"}],"about":[{"href":"https:\/\/www.scorpio-paros.com\/de\/wp-json\/wp\/v2\/types\/page"}],"author":[{"embeddable":true,"href":"https:\/\/www.scorpio-paros.com\/de\/wp-json\/wp\/v2\/users\/1"}],"replies":[{"embeddable":true,"href":"https:\/\/www.scorpio-paros.com\/de\/wp-json\/wp\/v2\/comments?post=2001"}],"version-history":[{"count":1,"href":"https:\/\/www.scorpio-paros.com\/de\/wp-json\/wp\/v2\/pages\/2001\/revisions"}],"predecessor-version":[{"id":2021,"href":"https:\/\/www.scorpio-paros.com\/de\/wp-json\/wp\/v2\/pages\/2001\/revisions\/2021"}],"wp:attachment":[{"href":"https:\/\/www.scorpio-paros.com\/de\/wp-json\/wp\/v2\/media?parent=2001"}],"curies":[{"name":"wp","href":"https:\/\/api.w.org\/{rel}","templated":true}]}}