{"id":1980,"date":"2018-07-17T13:23:40","date_gmt":"2018-07-17T10:23:40","guid":{"rendered":"http:\/\/dev.scorpio-paros.com\/kontakt\/apartments-lage\/"},"modified":"2026-04-20T00:58:33","modified_gmt":"2026-04-19T21:58:33","slug":"apartments-lage","status":"publish","type":"page","link":"https:\/\/www.scorpio-paros.com\/de\/kontakt\/apartments-lage\/","title":{"rendered":"Apartments Lage"},"content":{"rendered":"\n<iframe src=\"https:\/\/www.google.com\/maps\/embed?pb=!1m18!1m12!1m3!1d3877.314835517379!2d25.238340676507935!3d37.119718072157866!2m3!1f0!2f0!3f0!3m2!1i1024!2i768!4f13.1!3m3!1m2!1s0x14987545e16330e5%3A0x49f9c6f4bdf719a0!2sScorpio%20Apartments!5e1!3m2!1sen!2sgr!4v1776634834053!5m2!1sen!2sgr\" width=\"600\" height=\"450\" style=\"border:0;\" allowfullscreen=\"\" loading=\"lazy\" referrerpolicy=\"no-referrer-when-downgrade\"><\/iframe>\n\n\n<h2>Apartments Scorpio in Naoussa, Paros<\/h2>\n<p><strong>Die Urlaubsunterkunft Scorpio Apartments befinden sich in ruhiger Lage in Naoussa auf der Insel Paros.<\/strong> In nur 7 Minuten erreicht man zu Fuss das Zentrum des Ortes mit vielen Gesch\u00e4ften, dem kleinen Fischerhafen, Bars, Nachtclubs und Tavernen, die den frischen Fang des Tages anbieten. Es gibt kleine Boote, die einen an die umliegenden Str\u00e4nde Kolymbythres, Monasteri, Lageri und Santa Maria bringen. Ebenso die zentrale Bushaltestelle mit regelm\u00e4ssigen Verbindungen zu allen anderen Orten der Insel. Nahe den Apartments finden Sie Mini-M\u00e4rkte und B\u00e4ckereien; somit ist alles zu Fuss erreichbar.<\/p>\n<p><a href=\"https:\/\/www.scorpio-paros.com\/de\/kontakt\/studios-lage\/\">Siehe auch Standort der Studios &gt;&gt;<\/a><\/p>\n<p><strong>Entfernungen<\/strong><br \/>\n\u2022 Ortszentrum &amp; Venezianischer Hafen: 7 Minuten Fussweg<br \/>\n\u2022 Bushaltestelle: 300m<br \/>\n\u2022 B\u00e4ckerei: vor den Apartments<br \/>\n\u2022 Post: 50m<br \/>\n\u2022 Mini-Markt: 100m.<br \/>\n\u2022 Agii Anargiri Beach: 8 Minuten Fussweg<br \/>\n\u2022 Piperi Beach: 12 Minuten Fussweg<\/p>\n<blockquote><p>\u201cScorpio Studios, &amp; Apartments\u201d ist ein Familienunternehmen. Michalis Katsigiannis, seine Frau Kiki und der Sohn Giorgos werden pers\u00f6nlich daf\u00fcr sorgen, dass Sie die griechische Gastfreundschaft kennenlernen. Kontaktieren Sie sie f\u00fcr alle Informationen bez\u00fcglich einer Unterkunft<em>.<\/em><\/p><\/blockquote>\n\n<div class=\"wpcf7 no-js\" id=\"wpcf7-f318-o1\" lang=\"en-GB\" dir=\"ltr\" data-wpcf7-id=\"318\">\n<div class=\"screen-reader-response\"><p role=\"status\" aria-live=\"polite\" aria-atomic=\"true\"><\/p> <ul><\/ul><\/div>\n<form action=\"\/de\/wp-json\/wp\/v2\/pages\/1980#wpcf7-f318-o1\" method=\"post\" class=\"wpcf7-form init\" aria-label=\"Contact form\" novalidate=\"novalidate\" data-status=\"init\">\n<fieldset class=\"hidden-fields-container\"><input type=\"hidden\" name=\"_wpcf7\" value=\"318\" \/><input type=\"hidden\" name=\"_wpcf7_version\" value=\"6.1.5\" \/><input type=\"hidden\" name=\"_wpcf7_locale\" value=\"en_GB\" \/><input type=\"hidden\" name=\"_wpcf7_unit_tag\" value=\"wpcf7-f318-o1\" \/><input type=\"hidden\" name=\"_wpcf7_container_post\" value=\"0\" \/><input type=\"hidden\" name=\"_wpcf7_posted_data_hash\" value=\"\" \/>\n<\/fieldset>\n<div class=\"wpcf7-turnstile cf-turnstile\" data-sitekey=\"0x4AAAAAACK1M1aCuD9eNaS-\" data-response-field-name=\"_wpcf7_turnstile_response\"><\/div>\n\n<p><label> Your Name (required)<br \/>\n<span class=\"wpcf7-form-control-wrap\" data-name=\"your-name\"><input size=\"40\" maxlength=\"400\" class=\"wpcf7-form-control wpcf7-text wpcf7-validates-as-required\" aria-required=\"true\" aria-invalid=\"false\" value=\"\" type=\"text\" name=\"your-name\" \/><\/span> <\/label>\n<\/p>\n<p><label> Your Email (required)<br \/>\n<span class=\"wpcf7-form-control-wrap\" data-name=\"your-email\"><input size=\"40\" maxlength=\"400\" class=\"wpcf7-form-control wpcf7-email wpcf7-validates-as-required wpcf7-text wpcf7-validates-as-email\" aria-required=\"true\" aria-invalid=\"false\" value=\"\" type=\"email\" name=\"your-email\" \/><\/span> <\/label>\n<\/p>\n<p><label> Subject<br \/>\n<span class=\"wpcf7-form-control-wrap\" data-name=\"your-subject\"><input size=\"40\" maxlength=\"400\" class=\"wpcf7-form-control wpcf7-text\" aria-invalid=\"false\" value=\"\" type=\"text\" name=\"your-subject\" \/><\/span> <\/label>\n<\/p>\n<p><label> Your Message<br \/>\n<span class=\"wpcf7-form-control-wrap\" data-name=\"your-message\"><textarea cols=\"40\" rows=\"10\" maxlength=\"2000\" class=\"wpcf7-form-control wpcf7-textarea\" aria-invalid=\"false\" name=\"your-message\"><\/textarea><\/span> <\/label>\n<\/p>\n<p><input class=\"wpcf7-form-control wpcf7-submit has-spinner\" type=\"submit\" value=\"Send\" \/>\n<\/p><p style=\"display: none !important;\" class=\"akismet-fields-container\" data-prefix=\"_wpcf7_ak_\"><label>&#916;<textarea name=\"_wpcf7_ak_hp_textarea\" cols=\"45\" rows=\"8\" maxlength=\"100\"><\/textarea><\/label><input type=\"hidden\" id=\"ak_js_1\" name=\"_wpcf7_ak_js\" value=\"44\"\/><script>document.getElementById( \"ak_js_1\" ).setAttribute( \"value\", ( new Date() ).getTime() );<\/script><\/p><div class=\"wpcf7-response-output\" aria-hidden=\"true\"><\/div>\n<\/form>\n<\/div>\n\n<hr \/>\n<p>Tel. +30 22840 51723<br \/>\nMobile +30 6979 113339<br \/>\nFax +30 22840 53452<br \/>\n<img decoding=\"async\" class=\"alignnone size-full wp-image-698\" src=\"\/wp-content\/uploads\/2018\/06\/email.jpg\" alt=\"\" width=\"199\" height=\"17\" \/><\/p>\n<p>84401 Naoussa, Paros<br \/>\nCyclades Greece<\/p>","protected":false},"excerpt":{"rendered":"<p>Apartments Scorpio in Naoussa, Paros Die Urlaubsunterkunft Scorpio Apartments befinden sich in ruhiger Lage in Naoussa auf der Insel Paros. In nur 7 Minuten erreicht man zu Fuss das Zentrum des Ortes mit vielen Gesch\u00e4ften, dem kleinen Fischerhafen, Bars, Nachtclubs und Tavernen, die den frischen Fang des Tages anbieten. Es gibt kleine Boote, die einen [&hellip;]<\/p>\n","protected":false},"author":1,"featured_media":0,"parent":1941,"menu_order":0,"comment_status":"closed","ping_status":"closed","template":"template-contact.php","meta":{"footnotes":""},"class_list":["post-1980","page","type-page","status-publish","hentry"],"_links":{"self":[{"href":"https:\/\/www.scorpio-paros.com\/de\/wp-json\/wp\/v2\/pages\/1980","targetHints":{"allow":["GET"]}}],"collection":[{"href":"https:\/\/www.scorpio-paros.com\/de\/wp-json\/wp\/v2\/pages"}],"about":[{"href":"https:\/\/www.scorpio-paros.com\/de\/wp-json\/wp\/v2\/types\/page"}],"author":[{"embeddable":true,"href":"https:\/\/www.scorpio-paros.com\/de\/wp-json\/wp\/v2\/users\/1"}],"replies":[{"embeddable":true,"href":"https:\/\/www.scorpio-paros.com\/de\/wp-json\/wp\/v2\/comments?post=1980"}],"version-history":[{"count":5,"href":"https:\/\/www.scorpio-paros.com\/de\/wp-json\/wp\/v2\/pages\/1980\/revisions"}],"predecessor-version":[{"id":42006,"href":"https:\/\/www.scorpio-paros.com\/de\/wp-json\/wp\/v2\/pages\/1980\/revisions\/42006"}],"up":[{"embeddable":true,"href":"https:\/\/www.scorpio-paros.com\/de\/wp-json\/wp\/v2\/pages\/1941"}],"wp:attachment":[{"href":"https:\/\/www.scorpio-paros.com\/de\/wp-json\/wp\/v2\/media?parent=1980"}],"curies":[{"name":"wp","href":"https:\/\/api.w.org\/{rel}","templated":true}]}}