{"id":1931,"date":"2018-06-08T11:38:22","date_gmt":"2018-06-08T08:38:22","guid":{"rendered":"http:\/\/dev.scorpio-paros.com\/unterkunft-in-naoussa-paros\/"},"modified":"2018-08-04T16:25:28","modified_gmt":"2018-08-04T13:25:28","slug":"unterkunft-in-naoussa-paros","status":"publish","type":"page","link":"https:\/\/www.scorpio-paros.com\/de\/unterkunft-in-naoussa-paros\/","title":{"rendered":"Unterkunft in Naoussa Paros"},"content":{"rendered":"<h2>Urlaubsunterkunft auf Paros, Griechenland: Zimmer und Apartments im Fischerdorf Naoussa<\/h2>\n<div class=\"body\">\n<p><strong>F\u00fcr Ihre Urlaubsunterkunft auf Paros in Griechenland, w\u00e4hlen Scorpio Studios &amp; Apartments in Naoussa damit Sie die griechische Gastfreunschaft geniessen k\u00f6nnen.<\/strong> <em>Die Katsigiannis Familie<\/em>, welche die Anlage betreut, lebt das ganze Jahr \u00fcber auf der Insel und bem\u00fcht sich, den Inselcharme in die Unterk\u00fcnfte einzubinden. Daher kommen viele G\u00e4ste Jahr um Jahr wieder.Die Umgebung ist sehr ruhig, wenn auch nicht weit vom pulsierenden Sommerleben in Naoussa.<\/p>\n<p>Die Zimmer-Studios &amp; Apartments sind f\u00fcr 2-5 Personen und verf\u00fcgen \u00fcber eine <strong>K\u00fcchenzeile<\/strong> mit allen notwendigen Kochutensilien und Geschirr (einschlie\u00dflich Toaster, Wasserkocher und Kaffeemaschine). <strong>B\u00fcgeleisen, F\u00f6n, Sat-TV, Klimaanlage und Safe<\/strong> geh\u00f6ren ebenso dazu. Alle Unterk\u00fcnfte haben einen <strong>Balkon<\/strong> auf beiden Seiten und sorgen somit selbst an den heissesten Tagen f\u00fcr eine k\u00fchle Brise und viel Licht. Frau Kiki Katsigianni k\u00fcmmert sich um die Sauberheit in allen Zimmern.<\/p>\n<p>Die Apartments sind ca. 150 m von den Zimmern entfernt Scorpio Studios. Sie haben entweder ein Schlafzimmer mit separater K\u00fcche oder ein Schlafzimmer und gro\u00dfes Wohnzimmer mit K\u00fcche. Alle haben einen <strong>Balkon mit freiem Blick<\/strong>. Die Balkone der Zimmer schauen auf die <strong>Farbenbracht des Gartens<\/strong>. Im schattigen Hof weht eine <strong>angenehme Brise<\/strong> und bringt den Duft des bl\u00fchenden Jasmin. Beide Anlagen verf\u00fcgen \u00fcber <strong>Grillm\u00f6glichkeiten.<\/strong><\/p>\n<p>Die wichtigsten Merkmale der Scorpio Studios &amp; Apartments in Naoussa sind: Sonnenlicht, k\u00fchle Brise , Schatten , bezaubernde D\u00fcfte , ruhige Lage , freundliche Gastgeber ! Eine ideale Kombination f\u00fcr einen unvergesslichen Urlaub auf Paros. Lassen Sie sich auf einen Plausch mit Kiki, Michalis und ihrem Sohn Giorgos ein. Sie werden einen wundersch\u00f6nen Urlaub verbringen und die M\u00f6glichkeit haben, die vielen herrlichen Sehensw\u00fcrdigkeiten der Insel zu erkunden. Die Familie Katsigiannis bietet Ihnen nicht nur eine exzellente Unterkunft auf Paros, sondern auch herzliche Gastfreundschaft und tr\u00e4gt damit zu einem unvergesslichen Urlaub bei.<\/p>\n<\/div>\n<div class=\"cisc-row\"><div  class=\" cisc-col-md-6 cisc-col-xs-12\"><a href=\"\/de\/paros-accommodation-studios\/\" class=\"cisc-button\" style=\"background-color: #8c8559; border-color: black; border-style: solid; border-width: 1px;\" ><span style=\"\"><i class=\"fa fa-bed fa-spin\"><\/i>See our Studios<\/span><\/a><\/div><div  class=\" cisc-col-md-6 cisc-col-xs-12\"><a href=\"\/de\/scorpio-apartments\/\" class=\"cisc-button\" style=\"background-color: #8c8559; border-color: black; border-style: solid; border-width: 1px;\" ><span style=\"\"><i class=\"fa fa-bed fa-spin\"><\/i>See our Apartments<\/span><\/a><\/div><\/div>\n","protected":false},"excerpt":{"rendered":"<p>Urlaubsunterkunft auf Paros, Griechenland: Zimmer und Apartments im Fischerdorf Naoussa F\u00fcr Ihre Urlaubsunterkunft auf Paros in Griechenland, w\u00e4hlen Scorpio Studios &amp; Apartments in Naoussa damit Sie die griechische Gastfreunschaft geniessen k\u00f6nnen. Die Katsigiannis Familie, welche die Anlage betreut, lebt das ganze Jahr \u00fcber auf der Insel und bem\u00fcht sich, den Inselcharme in die Unterk\u00fcnfte einzubinden. [&hellip;]<\/p>\n","protected":false},"author":1,"featured_media":0,"parent":0,"menu_order":0,"comment_status":"closed","ping_status":"closed","template":"","meta":{"footnotes":""},"class_list":["post-1931","page","type-page","status-publish","hentry"],"_links":{"self":[{"href":"https:\/\/www.scorpio-paros.com\/de\/wp-json\/wp\/v2\/pages\/1931","targetHints":{"allow":["GET"]}}],"collection":[{"href":"https:\/\/www.scorpio-paros.com\/de\/wp-json\/wp\/v2\/pages"}],"about":[{"href":"https:\/\/www.scorpio-paros.com\/de\/wp-json\/wp\/v2\/types\/page"}],"author":[{"embeddable":true,"href":"https:\/\/www.scorpio-paros.com\/de\/wp-json\/wp\/v2\/users\/1"}],"replies":[{"embeddable":true,"href":"https:\/\/www.scorpio-paros.com\/de\/wp-json\/wp\/v2\/comments?post=1931"}],"version-history":[{"count":1,"href":"https:\/\/www.scorpio-paros.com\/de\/wp-json\/wp\/v2\/pages\/1931\/revisions"}],"predecessor-version":[{"id":1932,"href":"https:\/\/www.scorpio-paros.com\/de\/wp-json\/wp\/v2\/pages\/1931\/revisions\/1932"}],"wp:attachment":[{"href":"https:\/\/www.scorpio-paros.com\/de\/wp-json\/wp\/v2\/media?parent=1931"}],"curies":[{"name":"wp","href":"https:\/\/api.w.org\/{rel}","templated":true}]}}